{"id":2471,"date":"2026-02-20T18:39:14","date_gmt":"2026-02-20T14:39:14","guid":{"rendered":"http:\/\/www.mauritiusolympic.org\/?page_id=2471"},"modified":"2026-02-20T18:39:15","modified_gmt":"2026-02-20T14:39:15","slug":"asmc-2025-une-promotion-dexcellence-100-de-reussite","status":"publish","type":"page","link":"http:\/\/www.mauritiusolympic.org\/en\/asmc-2025-une-promotion-dexcellence-100-de-reussite\/","title":{"rendered":"ASMC 2025 : Une promotion d\u2019excellence \u2013 100 % de r\u00e9ussite"},"content":{"rendered":"\n<p>Le Comit\u00e9 Olympique Mauricien (MOC) a le plaisir d\u2019annoncer la r\u00e9ussite compl\u00e8te de la 12e \u00e9dition de l\u2019Advanced Sport Management Course (ASMC), cl\u00f4tur\u00e9e officiellement le dimanche 5 octobre 2025 lors d\u2019une c\u00e9r\u00e9monie de remise de certificats au si\u00e8ge du MOC \u00e0 Trianon. Ce programme, mis en \u0153uvre sous l\u2019\u00e9gide de la Solidarit\u00e9 Olympique, a enregistr\u00e9 un taux de r\u00e9ussite exceptionnel : les 25 participants inscrits ont tous achev\u00e9 le cursus avec succ\u00e8s, \u00e9tablissant ainsi un nouveau standard d\u2019engagement et de performance. D\u2019une dur\u00e9e de six mois, le programme a d\u00e9but\u00e9 en mars et s\u2019est poursuivi jusqu\u2019en septembre. Il a \u00e9t\u00e9 dirig\u00e9 par M. Sanjaye Goboodun, Directeur du Programme, avec le soutien de Mlle Vinesha Coocaram, Coordinatrice. <\/p>\n\n\n\n<p>L\u2019ASMC constitue une \u00e9tape strat\u00e9gique dans le renforcement des comp\u00e9tences en gestion et leadership au sein du mouvement sportif national. La c\u00e9r\u00e9monie protocolaire s\u2019est tenue en pr\u00e9sence de M. Richard Papie, Premier Vice-Pr\u00e9sident du MOC, ainsi que de M. Soureindra Seebaluck et M. Rajessen Desscann, membres du Comit\u00e9 ex\u00e9cutif. Ces derniers ont salu\u00e9 l\u2019engagement exemplaire des participants et ont soulign\u00e9 l\u2019importance de la mise en \u0153uvre concr\u00e8te des comp\u00e9tences acquises au service du d\u00e9veloppement du sport \u00e0 Maurice. Compos\u00e9e de repr\u00e9sentants issus de diverses f\u00e9d\u00e9rations nationales, cette cohorte a pr\u00e9sent\u00e9 des projets appliqu\u00e9s d\u00e9montrant leur capacit\u00e9 \u00e0 analyser, planifier et innover pour am\u00e9liorer la performance des structures sportives locales. Le succ\u00e8s int\u00e9gral de l\u2019ASMC 2025 marque une avanc\u00e9e significative dans la professionnalisation du secteur sportif mauricien. Le MOC attend prochainement la d\u00e9livrance des dipl\u00f4mes officiels de la Solidarit\u00e9 Olympique, qui viendront certifier internationalement les comp\u00e9tences acquises. Ces nouveaux dipl\u00f4m\u00e9s repr\u00e9sentent d\u00e9sormais une ressource strat\u00e9gique pour le d\u00e9veloppement du sport \u00e0 Maurice, contribuant \u00e0 une gouvernance efficiente, une gestion moderne et transparente, et un accompagnement optimal des athl\u00e8tes vers l\u2019excellence. Le Comit\u00e9 Olympique Mauricien r\u00e9affirme son engagement \u00e0 investir durablement dans la formation des acteurs du mouvement sportif, consolidant ainsi les fondations d\u2019un avenir prometteur pour le sport mauricien.<\/p>\n\n\n\n<figure class=\"wp-block-image size-large\"><img loading=\"lazy\" decoding=\"async\" width=\"768\" height=\"1024\" src=\"http:\/\/www.mauritiusolympic.org\/wp-content\/uploads\/2026\/02\/1-768x1024.jpg\" alt=\"\" class=\"wp-image-2096\" srcset=\"http:\/\/www.mauritiusolympic.org\/wp-content\/uploads\/2026\/02\/1-768x1024.jpg 768w, http:\/\/www.mauritiusolympic.org\/wp-content\/uploads\/2026\/02\/1-225x300.jpg 225w, http:\/\/www.mauritiusolympic.org\/wp-content\/uploads\/2026\/02\/1-56x75.jpg 56w, http:\/\/www.mauritiusolympic.org\/wp-content\/uploads\/2026\/02\/1-480x640.jpg 480w, http:\/\/www.mauritiusolympic.org\/wp-content\/uploads\/2026\/02\/1.jpg 960w\" sizes=\"auto, (max-width:767px) 480px, (max-width:768px) 100vw, 768px\" \/><\/figure>\n","protected":false},"excerpt":{"rendered":"<p>Le Comit\u00e9 Olympique Mauricien (MOC) a le plaisir d\u2019annoncer la r\u00e9ussite compl\u00e8te de la 12e \u00e9dition de l\u2019Advanced Sport Management Course (ASMC), cl\u00f4tur\u00e9e officiellement le dimanche<span class=\"excerpt-hellip\"> [\u2026]<\/span><\/p>\n","protected":false},"author":2,"featured_media":2092,"parent":0,"menu_order":0,"comment_status":"closed","ping_status":"closed","template":"","meta":{"footnotes":""},"class_list":["post-2471","page","type-page","status-publish","has-post-thumbnail","hentry"],"_links":{"self":[{"href":"http:\/\/www.mauritiusolympic.org\/en\/wp-json\/wp\/v2\/pages\/2471","targetHints":{"allow":["GET"]}}],"collection":[{"href":"http:\/\/www.mauritiusolympic.org\/en\/wp-json\/wp\/v2\/pages"}],"about":[{"href":"http:\/\/www.mauritiusolympic.org\/en\/wp-json\/wp\/v2\/types\/page"}],"author":[{"embeddable":true,"href":"http:\/\/www.mauritiusolympic.org\/en\/wp-json\/wp\/v2\/users\/2"}],"replies":[{"embeddable":true,"href":"http:\/\/www.mauritiusolympic.org\/en\/wp-json\/wp\/v2\/comments?post=2471"}],"version-history":[{"count":1,"href":"http:\/\/www.mauritiusolympic.org\/en\/wp-json\/wp\/v2\/pages\/2471\/revisions"}],"predecessor-version":[{"id":2472,"href":"http:\/\/www.mauritiusolympic.org\/en\/wp-json\/wp\/v2\/pages\/2471\/revisions\/2472"}],"wp:featuredmedia":[{"embeddable":true,"href":"http:\/\/www.mauritiusolympic.org\/en\/wp-json\/wp\/v2\/media\/2092"}],"wp:attachment":[{"href":"http:\/\/www.mauritiusolympic.org\/en\/wp-json\/wp\/v2\/media?parent=2471"}],"curies":[{"name":"wp","href":"https:\/\/api.w.org\/{rel}","templated":true}]}}